{"id":4693,"date":"2018-11-04T16:49:50","date_gmt":"2018-11-04T15:49:50","guid":{"rendered":"http:\/\/www.sylviebremond.com\/mentions-legales\/"},"modified":"2025-01-17T11:59:33","modified_gmt":"2025-01-17T10:59:33","slug":"mentions-legales","status":"publish","type":"page","link":"https:\/\/www.sylviebremond.com\/en\/mentions-legales\/","title":{"rendered":"Mentions L\u00e9gales"},"content":{"rendered":"<h1>Mentions L\u00e9gales<\/h1>\n<p>Le site www.sylviebremond.com est la propri\u00e9t\u00e9 de la soci\u00e9t\u00e9 INNOVATION BLOSSOM, soci\u00e9t\u00e9 immatricul\u00e9e au Registre du Commerce et des Soci\u00e9t\u00e9s dont le si\u00e8ge social est situ\u00e9 au 67 Boulevard des Invalides, 75007 PARIS.<\/p>\n<p class=\"hebergement\"><strong>H\u00e9bergement<\/strong>\u00a0:<br \/>\nH\u00e9bergeur : Digital Ocean<br \/>\nSoci\u00e9t\u00e9 : Digital Ocean<br \/>\nAdresse web : <a href=\"https:\/\/www.digitalocean.com\/\">https:\/\/www.digitalocean.com\/<\/a><br \/>\nAdresse postale : 101 Avenue of the Americas, New York 10013 United States of America<br \/>\nT\u00e9l\u00e9phone : +33 (0)8 203 203 63<\/p>\n<h2>Conditions g\u00e9n\u00e9rales du site<\/h2>\n<p>L\u2019utilisation du site www.sylviebremond.com implique l\u2019acceptation pleine et enti\u00e8re des conditions g\u00e9n\u00e9rales d\u2019utilisation ci-apr\u00e8s d\u00e9crites.<\/p>\n<p>Ces conditions d\u2019utilisation sont susceptibles d\u2019\u00eatre modifi\u00e9es ou compl\u00e9t\u00e9es \u00e0 tout moment, les utilisateurs du site\u00a0www.sylviebremond.com\u00a0sont donc invit\u00e9s \u00e0 les consulter r\u00e9guli\u00e8rement.<\/p>\n<p>Ce site est normalement accessible \u00e0 tout moment aux utilisateurs.<\/p>\n<p>Une interruption pour raison de maintenance technique peut \u00eatre toutefois d\u00e9cid\u00e9e parwww.sylviebremond.com, qui s\u2019efforcera alors de communiquer pr\u00e9alablement aux utilisateurs les dates et heures d\u2019interventions.<\/p>\n<p>Toutes les informations indiqu\u00e9es sur le sitewww.sylviebremond.comr sont susceptibles d\u2019\u00e9voluer.<\/p>\n<h2>Propri\u00e9t\u00e9 intellectuelle<\/h2>\n<p>Innovation Blossom est propri\u00e9taire des droits de propri\u00e9t\u00e9 intellectuelle ou d\u00e9tient les droits d\u2019usage sur tous les \u00e9l\u00e9ments accessibles sur le site, notamment les textes, images, logo etc\u2026<\/p>\n<p>Toute reproduction, repr\u00e9sentation, modification, publication, adaptation de tout ou partie des \u00e9l\u00e9ments du site, quel que soit le moyen ou le proc\u00e9d\u00e9 utilis\u00e9, est interdite, sauf autorisation \u00e9crite pr\u00e9alable d\u2019Innovation Blossom.<\/p>\n<h2>Limitations de responsabilit\u00e9<\/h2>\n<p>Innovation Blossom ne pourra \u00eatre tenue responsable des dommages directs et indirects caus\u00e9s au mat\u00e9riel de l\u2019utilisateur, lors de l\u2019acc\u00e8s au siteInnovation Blossom, et r\u00e9sultant d\u2019un bug ou d\u2019une incompatibilit\u00e9.<\/p>\n<h2>Protection des donn\u00e9es personnelles<\/h2>\n<p>En France, les donn\u00e9es personnelles sont notamment prot\u00e9g\u00e9es par la loi n\u00b078-87 du 6 janvier 1978, la loi n\u00b02004-801 du 6 ao\u00fbt 2004, l\u2019article L 226-13 du Code P\u00e9nal, la Directive Europ\u00e9enne du 24 octobre 1995 et le r\u00e8glement 2016\/679 dit r\u00e8glement g\u00e9n\u00e9ral sur la protection des donn\u00e9es (RGPD).<\/p>\n<p>Pour en savoir plus sur notre politique de confidentialit\u00e9, consultez\u00a0<a href=\"http:\/\/www.sylviebremond.com\/politique-confidentialite\/\">ce lien<\/a>.<\/p>\n","protected":false},"excerpt":{"rendered":"<p>Mentions L\u00e9gales Le site www.sylviebremond.com est la propri\u00e9t\u00e9 de la soci\u00e9t\u00e9 INNOVATION BLOSSOM, soci\u00e9t\u00e9 immatricul\u00e9e au Registre du Commerce et des Soci\u00e9t\u00e9s dont le si\u00e8ge social est situ\u00e9 au 67 Boulevard des Invalides, 75007 PARIS. H\u00e9bergement\u00a0: H\u00e9bergeur : Digital Ocean Soci\u00e9t\u00e9 : Digital Ocean Adresse web : https:\/\/www.digitalocean.com\/ Adresse postale : 101 Avenue of the [&hellip;]<\/p>\n","protected":false},"author":1,"featured_media":0,"parent":0,"menu_order":0,"comment_status":"closed","ping_status":"closed","template":"","meta":{"_exactmetrics_skip_tracking":false,"_exactmetrics_sitenote_active":false,"_exactmetrics_sitenote_note":"","_exactmetrics_sitenote_category":0,"footnotes":""},"class_list":["post-4693","page","type-page","status-publish","hentry"],"yoast_head":"<!-- This site is optimized with the Yoast SEO plugin v24.5 - https:\/\/yoast.com\/wordpress\/plugins\/seo\/ -->\n<title>Mentions L\u00e9gales - Sylvie Br\u00e9mond Mookherjee<\/title>\n<meta name=\"description\" content=\"Le site www.sylviebremond.com est la propri\u00e9t\u00e9 de la soci\u00e9t\u00e9 INNOVATION BLOSSOM, soci\u00e9t\u00e9 immatricul\u00e9e au Registre du Commerce et des Soci\u00e9t\u00e9s dont le si\u00e8ge social est situ\u00e9 au 67 Boulevard des Invalides, 75007 PARIS.\" \/>\n<meta name=\"robots\" content=\"index, follow, max-snippet:-1, max-image-preview:large, max-video-preview:-1\" \/>\n<link rel=\"canonical\" href=\"https:\/\/www.sylviebremond.com\/en\/mentions-legales\/\" \/>\n<meta property=\"og:locale\" content=\"en_US\" \/>\n<meta property=\"og:type\" content=\"article\" \/>\n<meta property=\"og:title\" content=\"Mentions L\u00e9gales - Sylvie Br\u00e9mond Mookherjee\" \/>\n<meta property=\"og:description\" content=\"Le site www.sylviebremond.com est la propri\u00e9t\u00e9 de la soci\u00e9t\u00e9 INNOVATION BLOSSOM, soci\u00e9t\u00e9 immatricul\u00e9e au Registre du Commerce et des Soci\u00e9t\u00e9s dont le si\u00e8ge social est situ\u00e9 au 67 Boulevard des Invalides, 75007 PARIS.\" \/>\n<meta property=\"og:url\" content=\"https:\/\/www.sylviebremond.com\/en\/mentions-legales\/\" \/>\n<meta property=\"og:site_name\" content=\"Sylvie Br\u00e9mond Mookherjee\" \/>\n<meta property=\"article:publisher\" content=\"https:\/\/www.facebook.com\/pg\/sylviebremondmookherjee\/about\/?ref=page_internal\" \/>\n<meta property=\"article:modified_time\" content=\"2025-01-17T10:59:33+00:00\" \/>\n<meta name=\"twitter:label1\" content=\"Est. reading time\" \/>\n\t<meta name=\"twitter:data1\" content=\"2 minutes\" \/>\n<script type=\"application\/ld+json\" class=\"yoast-schema-graph\">{\"@context\":\"https:\/\/schema.org\",\"@graph\":[{\"@type\":\"WebPage\",\"@id\":\"https:\/\/www.sylviebremond.com\/en\/mentions-legales\/\",\"url\":\"https:\/\/www.sylviebremond.com\/en\/mentions-legales\/\",\"name\":\"Mentions L\u00e9gales - Sylvie Br\u00e9mond Mookherjee\",\"isPartOf\":{\"@id\":\"https:\/\/www.sylviebremond.com\/#website\"},\"datePublished\":\"2018-11-04T15:49:50+00:00\",\"dateModified\":\"2025-01-17T10:59:33+00:00\",\"description\":\"Le site www.sylviebremond.com est la propri\u00e9t\u00e9 de la soci\u00e9t\u00e9 INNOVATION BLOSSOM, soci\u00e9t\u00e9 immatricul\u00e9e au Registre du Commerce et des Soci\u00e9t\u00e9s dont le si\u00e8ge social est situ\u00e9 au 67 Boulevard des Invalides, 75007 PARIS.\",\"inLanguage\":\"en-US\",\"potentialAction\":[{\"@type\":\"ReadAction\",\"target\":[\"https:\/\/www.sylviebremond.com\/en\/mentions-legales\/\"]}]},{\"@type\":\"WebSite\",\"@id\":\"https:\/\/www.sylviebremond.com\/#website\",\"url\":\"https:\/\/www.sylviebremond.com\/\",\"name\":\"Sylvie Br\u00e9mond Mookherjee\",\"description\":\"New ways to lead performance\",\"potentialAction\":[{\"@type\":\"SearchAction\",\"target\":{\"@type\":\"EntryPoint\",\"urlTemplate\":\"https:\/\/www.sylviebremond.com\/?s={search_term_string}\"},\"query-input\":{\"@type\":\"PropertyValueSpecification\",\"valueRequired\":true,\"valueName\":\"search_term_string\"}}],\"inLanguage\":\"en-US\"}]}<\/script>\n<!-- \/ Yoast SEO plugin. -->","yoast_head_json":{"title":"Mentions L\u00e9gales - Sylvie Br\u00e9mond Mookherjee","description":"Le site www.sylviebremond.com est la propri\u00e9t\u00e9 de la soci\u00e9t\u00e9 INNOVATION BLOSSOM, soci\u00e9t\u00e9 immatricul\u00e9e au Registre du Commerce et des Soci\u00e9t\u00e9s dont le si\u00e8ge social est situ\u00e9 au 67 Boulevard des Invalides, 75007 PARIS.","robots":{"index":"index","follow":"follow","max-snippet":"max-snippet:-1","max-image-preview":"max-image-preview:large","max-video-preview":"max-video-preview:-1"},"canonical":"https:\/\/www.sylviebremond.com\/en\/mentions-legales\/","og_locale":"en_US","og_type":"article","og_title":"Mentions L\u00e9gales - Sylvie Br\u00e9mond Mookherjee","og_description":"Le site www.sylviebremond.com est la propri\u00e9t\u00e9 de la soci\u00e9t\u00e9 INNOVATION BLOSSOM, soci\u00e9t\u00e9 immatricul\u00e9e au Registre du Commerce et des Soci\u00e9t\u00e9s dont le si\u00e8ge social est situ\u00e9 au 67 Boulevard des Invalides, 75007 PARIS.","og_url":"https:\/\/www.sylviebremond.com\/en\/mentions-legales\/","og_site_name":"Sylvie Br\u00e9mond Mookherjee","article_publisher":"https:\/\/www.facebook.com\/pg\/sylviebremondmookherjee\/about\/?ref=page_internal","article_modified_time":"2025-01-17T10:59:33+00:00","twitter_misc":{"Est. reading time":"2 minutes"},"schema":{"@context":"https:\/\/schema.org","@graph":[{"@type":"WebPage","@id":"https:\/\/www.sylviebremond.com\/en\/mentions-legales\/","url":"https:\/\/www.sylviebremond.com\/en\/mentions-legales\/","name":"Mentions L\u00e9gales - Sylvie Br\u00e9mond Mookherjee","isPartOf":{"@id":"https:\/\/www.sylviebremond.com\/#website"},"datePublished":"2018-11-04T15:49:50+00:00","dateModified":"2025-01-17T10:59:33+00:00","description":"Le site www.sylviebremond.com est la propri\u00e9t\u00e9 de la soci\u00e9t\u00e9 INNOVATION BLOSSOM, soci\u00e9t\u00e9 immatricul\u00e9e au Registre du Commerce et des Soci\u00e9t\u00e9s dont le si\u00e8ge social est situ\u00e9 au 67 Boulevard des Invalides, 75007 PARIS.","inLanguage":"en-US","potentialAction":[{"@type":"ReadAction","target":["https:\/\/www.sylviebremond.com\/en\/mentions-legales\/"]}]},{"@type":"WebSite","@id":"https:\/\/www.sylviebremond.com\/#website","url":"https:\/\/www.sylviebremond.com\/","name":"Sylvie Br\u00e9mond Mookherjee","description":"New ways to lead performance","potentialAction":[{"@type":"SearchAction","target":{"@type":"EntryPoint","urlTemplate":"https:\/\/www.sylviebremond.com\/?s={search_term_string}"},"query-input":{"@type":"PropertyValueSpecification","valueRequired":true,"valueName":"search_term_string"}}],"inLanguage":"en-US"}]}},"_links":{"self":[{"href":"https:\/\/www.sylviebremond.com\/en\/wp-json\/wp\/v2\/pages\/4693","targetHints":{"allow":["GET"]}}],"collection":[{"href":"https:\/\/www.sylviebremond.com\/en\/wp-json\/wp\/v2\/pages"}],"about":[{"href":"https:\/\/www.sylviebremond.com\/en\/wp-json\/wp\/v2\/types\/page"}],"author":[{"embeddable":true,"href":"https:\/\/www.sylviebremond.com\/en\/wp-json\/wp\/v2\/users\/1"}],"replies":[{"embeddable":true,"href":"https:\/\/www.sylviebremond.com\/en\/wp-json\/wp\/v2\/comments?post=4693"}],"version-history":[{"count":3,"href":"https:\/\/www.sylviebremond.com\/en\/wp-json\/wp\/v2\/pages\/4693\/revisions"}],"predecessor-version":[{"id":6848,"href":"https:\/\/www.sylviebremond.com\/en\/wp-json\/wp\/v2\/pages\/4693\/revisions\/6848"}],"wp:attachment":[{"href":"https:\/\/www.sylviebremond.com\/en\/wp-json\/wp\/v2\/media?parent=4693"}],"curies":[{"name":"wp","href":"https:\/\/api.w.org\/{rel}","templated":true}]}}